{"id":10,"date":"2019-01-22T12:04:49","date_gmt":"2019-01-22T11:04:49","guid":{"rendered":"https:\/\/themes.muffingroup.com\/be\/electronics\/?page_id=10"},"modified":"2021-02-14T18:47:15","modified_gmt":"2021-02-14T17:47:15","slug":"nase-usluge","status":"publish","type":"page","link":"https:\/\/venergoteh.hr\/de\/iunsere-dienstleistungen\/","title":{"rendered":"Unsere Dienstleistungen"},"content":{"rendered":"<h1>Unsere Dienstleistungen<\/h1>\n<h1>Ventilacija, klimatizacija i odvla\u017eivanje bazena,odr\u017eavanje i servisiranje<\/h1>\n<p>center<br \/>\nno-repeat;left top;;<br \/>\nauto<\/p>\n<p><img decoding=\"async\" src=\"https:\/\/venergoteh.hr\/wp-content\/uploads\/2019\/08\/venergoteh-2.png\" alt=\"venergoteh-2\"><br \/>\ncenter<\/p>\n<h2>Bel\u00fcftung und Klimaanlage des Pools<\/h2>\n<p>no-repeat;left top;;<br \/>\nauto<br \/>\n20px<\/p>\n<p>default<\/p>\n<p>Wellness, Spa, Innenpools,<\/p>\n<p>Hotels und Hotelpools,<\/p>\n<p>B\u00e4der, Whirlpools und Whirlpools,<\/p>\n<p>Sporthallen, Restaurants, Wohngeb\u00e4ude,<\/p>\n<p>verschiedene Fabriken und Produktionsst\u00e4tten<br \/>\nhttps:\/\/venergoteh.hr\/wp-content\/uploads\/2020\/12\/electornics-border-bg_1.png<br \/>\nno-repeat;left top;;<br \/>\ncontain<br \/>\n30px<\/p>\n<p>Die Bel\u00fcftung und Klimatisierung des Pools ist die anspruchsvollste Art der Klimatisierung und Bel\u00fcftung, bei der der r\u00e4umliche Komfort vernachl\u00e4ssigbar ist. Im Hintergrund muss die Technik einwandfrei funktionieren und der Person unbeschwerte Entspannung erm\u00f6glichen, w\u00e4hrend die Kosten f\u00fcr den Betrieb des Pools minimiert werden.<\/p>\n<p>Es ist notwendig, eine intelligente Klimatechnik zu implementieren, die eine ausreichend gro\u00dfe Entfeuchtungskapazit\u00e4t und einen hohen Grad an Energier\u00fcckgewinnung aufweist. Dies ist ein wichtiger Aspekt f\u00fcr die strategische Reduzierung der Arbeitskosten, w\u00e4hrend durch die Entfeuchtung feuchtes Glas effektiv entfernt werden kann.<\/p>\n<p><a class=\"button  button_size_2\" href=\"\"         title=\"\"><span class=\"button_label\">Button<\/span><\/a>\n<br \/>\nno-repeat;left top;;<br \/>\nauto<\/p>\n<p>default<br \/>\ndefault<\/p>\n<p><a href=\"https:\/\/venergoteh.hr\/de\/kontakt\/\">Kontaktieren Sie uns<\/a><\/p>","protected":false},"excerpt":{"rendered":"<p>Na\u0161e usluge Ventilacija, klimatizacija i odvla\u017eivanje bazena,odr\u017eavanje i servisiranje center no-repeat;left top;; auto center Ventilacija i klimatizacija bazena no-repeat;left top;; auto 20px default Wellness, spa, zatvoreni<span class=\"excerpt-hellip\"> [\u2026]<\/span><\/p>","protected":false},"author":1,"featured_media":0,"parent":0,"menu_order":0,"comment_status":"closed","ping_status":"closed","template":"","meta":{"footnotes":""},"class_list":["post-10","page","type-page","status-publish","hentry"],"yoast_head":"<!-- This site is optimized with the Yoast SEO plugin v25.1 - https:\/\/yoast.com\/wordpress\/plugins\/seo\/ -->\n<title>Na\u0161e usluge - Venergoteh.hr konatktirajte nas putem email-a<\/title>\n<meta name=\"description\" content=\"Ventilacija i klimatizacija bazena je najzahtjevniji na\u010din klimatizacije i ventilacije pri kojem je prostorna udobnost nezanemariva.\" \/>\n<meta name=\"robots\" content=\"index, follow, max-snippet:-1, max-image-preview:large, max-video-preview:-1\" \/>\n<link rel=\"canonical\" href=\"https:\/\/venergoteh.hr\/de\/iunsere-dienstleistungen\/\" \/>\n<meta property=\"og:locale\" content=\"de_DE\" \/>\n<meta property=\"og:type\" content=\"article\" \/>\n<meta property=\"og:title\" content=\"Na\u0161e usluge - Venergoteh.hr konatktirajte nas putem email-a\" \/>\n<meta property=\"og:description\" content=\"Ventilacija i klimatizacija bazena je najzahtjevniji na\u010din klimatizacije i ventilacije pri kojem je prostorna udobnost nezanemariva.\" \/>\n<meta property=\"og:url\" content=\"https:\/\/venergoteh.hr\/de\/iunsere-dienstleistungen\/\" \/>\n<meta property=\"og:site_name\" content=\"Venergoteh.hr\" \/>\n<meta property=\"article:modified_time\" content=\"2021-02-14T17:47:15+00:00\" \/>\n<meta property=\"og:image\" content=\"https:\/\/venergoteh.hr\/wp-content\/uploads\/2019\/08\/venergoteh-2.png\" \/>\n<meta name=\"twitter:card\" content=\"summary_large_image\" \/>\n<meta name=\"twitter:label1\" content=\"Gesch\u00e4tzte Lesezeit\" \/>\n\t<meta name=\"twitter:data1\" content=\"1\u00a0Minute\" \/>\n<script type=\"application\/ld+json\" class=\"yoast-schema-graph\">{\"@context\":\"https:\/\/schema.org\",\"@graph\":[{\"@type\":\"WebPage\",\"@id\":\"https:\/\/venergoteh.hr\/de\/iunsere-dienstleistungen\/\",\"url\":\"https:\/\/venergoteh.hr\/de\/iunsere-dienstleistungen\/\",\"name\":\"Na\u0161e usluge - Venergoteh.hr konatktirajte nas putem email-a\",\"isPartOf\":{\"@id\":\"https:\/\/venergoteh.hr\/de\/#website\"},\"primaryImageOfPage\":{\"@id\":\"https:\/\/venergoteh.hr\/de\/iunsere-dienstleistungen\/#primaryimage\"},\"image\":{\"@id\":\"https:\/\/venergoteh.hr\/de\/iunsere-dienstleistungen\/#primaryimage\"},\"thumbnailUrl\":\"https:\/\/venergoteh.hr\/wp-content\/uploads\/2019\/08\/venergoteh-2.png\",\"datePublished\":\"2019-01-22T11:04:49+00:00\",\"dateModified\":\"2021-02-14T17:47:15+00:00\",\"description\":\"Ventilacija i klimatizacija bazena je najzahtjevniji na\u010din klimatizacije i ventilacije pri kojem je prostorna udobnost nezanemariva.\",\"breadcrumb\":{\"@id\":\"https:\/\/venergoteh.hr\/de\/iunsere-dienstleistungen\/#breadcrumb\"},\"inLanguage\":\"de\",\"potentialAction\":[{\"@type\":\"ReadAction\",\"target\":[\"https:\/\/venergoteh.hr\/de\/iunsere-dienstleistungen\/\"]}]},{\"@type\":\"ImageObject\",\"inLanguage\":\"de\",\"@id\":\"https:\/\/venergoteh.hr\/de\/iunsere-dienstleistungen\/#primaryimage\",\"url\":\"https:\/\/venergoteh.hr\/wp-content\/uploads\/2019\/08\/venergoteh-2.png\",\"contentUrl\":\"https:\/\/venergoteh.hr\/wp-content\/uploads\/2019\/08\/venergoteh-2.png\"},{\"@type\":\"BreadcrumbList\",\"@id\":\"https:\/\/venergoteh.hr\/de\/iunsere-dienstleistungen\/#breadcrumb\",\"itemListElement\":[{\"@type\":\"ListItem\",\"position\":1,\"name\":\"Po\u010detna stranica\",\"item\":\"https:\/\/venergoteh.hr\/de\/\"},{\"@type\":\"ListItem\",\"position\":2,\"name\":\"Na\u0161e usluge\"}]},{\"@type\":\"WebSite\",\"@id\":\"https:\/\/venergoteh.hr\/de\/#website\",\"url\":\"https:\/\/venergoteh.hr\/de\/\",\"name\":\"Venergoteh.hr\",\"description\":\"Ventilacija, klimatizacija i odvla\u017eivanje bazena\",\"publisher\":{\"@id\":\"https:\/\/venergoteh.hr\/de\/#organization\"},\"potentialAction\":[{\"@type\":\"SearchAction\",\"target\":{\"@type\":\"EntryPoint\",\"urlTemplate\":\"https:\/\/venergoteh.hr\/de\/?s={search_term_string}\"},\"query-input\":{\"@type\":\"PropertyValueSpecification\",\"valueRequired\":true,\"valueName\":\"search_term_string\"}}],\"inLanguage\":\"de\"},{\"@type\":\"Organization\",\"@id\":\"https:\/\/venergoteh.hr\/de\/#organization\",\"name\":\"Venergoteh d.o.o.\",\"url\":\"https:\/\/venergoteh.hr\/de\/\",\"logo\":{\"@type\":\"ImageObject\",\"inLanguage\":\"de\",\"@id\":\"https:\/\/venergoteh.hr\/de\/#\/schema\/logo\/image\/\",\"url\":\"https:\/\/venergoteh.hr\/wp-content\/uploads\/2019\/10\/venergoteh-logo-web.png\",\"contentUrl\":\"https:\/\/venergoteh.hr\/wp-content\/uploads\/2019\/10\/venergoteh-logo-web.png\",\"width\":4922,\"height\":901,\"caption\":\"Venergoteh d.o.o.\"},\"image\":{\"@id\":\"https:\/\/venergoteh.hr\/de\/#\/schema\/logo\/image\/\"}}]}<\/script>\n<!-- \/ Yoast SEO plugin. -->","yoast_head_json":{"title":"Na\u0161e usluge - Venergoteh.hr konatktirajte nas putem email-a","description":"Ventilacija i klimatizacija bazena je najzahtjevniji na\u010din klimatizacije i ventilacije pri kojem je prostorna udobnost nezanemariva.","robots":{"index":"index","follow":"follow","max-snippet":"max-snippet:-1","max-image-preview":"max-image-preview:large","max-video-preview":"max-video-preview:-1"},"canonical":"https:\/\/venergoteh.hr\/de\/iunsere-dienstleistungen\/","og_locale":"de_DE","og_type":"article","og_title":"Na\u0161e usluge - Venergoteh.hr konatktirajte nas putem email-a","og_description":"Ventilacija i klimatizacija bazena je najzahtjevniji na\u010din klimatizacije i ventilacije pri kojem je prostorna udobnost nezanemariva.","og_url":"https:\/\/venergoteh.hr\/de\/iunsere-dienstleistungen\/","og_site_name":"Venergoteh.hr","article_modified_time":"2021-02-14T17:47:15+00:00","og_image":[{"url":"https:\/\/venergoteh.hr\/wp-content\/uploads\/2019\/08\/venergoteh-2.png","type":"","width":"","height":""}],"twitter_card":"summary_large_image","twitter_misc":{"Gesch\u00e4tzte Lesezeit":"1\u00a0Minute"},"schema":{"@context":"https:\/\/schema.org","@graph":[{"@type":"WebPage","@id":"https:\/\/venergoteh.hr\/de\/iunsere-dienstleistungen\/","url":"https:\/\/venergoteh.hr\/de\/iunsere-dienstleistungen\/","name":"Na\u0161e usluge - Venergoteh.hr konatktirajte nas putem email-a","isPartOf":{"@id":"https:\/\/venergoteh.hr\/de\/#website"},"primaryImageOfPage":{"@id":"https:\/\/venergoteh.hr\/de\/iunsere-dienstleistungen\/#primaryimage"},"image":{"@id":"https:\/\/venergoteh.hr\/de\/iunsere-dienstleistungen\/#primaryimage"},"thumbnailUrl":"https:\/\/venergoteh.hr\/wp-content\/uploads\/2019\/08\/venergoteh-2.png","datePublished":"2019-01-22T11:04:49+00:00","dateModified":"2021-02-14T17:47:15+00:00","description":"Ventilacija i klimatizacija bazena je najzahtjevniji na\u010din klimatizacije i ventilacije pri kojem je prostorna udobnost nezanemariva.","breadcrumb":{"@id":"https:\/\/venergoteh.hr\/de\/iunsere-dienstleistungen\/#breadcrumb"},"inLanguage":"de","potentialAction":[{"@type":"ReadAction","target":["https:\/\/venergoteh.hr\/de\/iunsere-dienstleistungen\/"]}]},{"@type":"ImageObject","inLanguage":"de","@id":"https:\/\/venergoteh.hr\/de\/iunsere-dienstleistungen\/#primaryimage","url":"https:\/\/venergoteh.hr\/wp-content\/uploads\/2019\/08\/venergoteh-2.png","contentUrl":"https:\/\/venergoteh.hr\/wp-content\/uploads\/2019\/08\/venergoteh-2.png"},{"@type":"BreadcrumbList","@id":"https:\/\/venergoteh.hr\/de\/iunsere-dienstleistungen\/#breadcrumb","itemListElement":[{"@type":"ListItem","position":1,"name":"Po\u010detna stranica","item":"https:\/\/venergoteh.hr\/de\/"},{"@type":"ListItem","position":2,"name":"Na\u0161e usluge"}]},{"@type":"WebSite","@id":"https:\/\/venergoteh.hr\/de\/#website","url":"https:\/\/venergoteh.hr\/de\/","name":"Venergoteh.hr","description":"Ventilacija, klimatizacija i odvla\u017eivanje bazena","publisher":{"@id":"https:\/\/venergoteh.hr\/de\/#organization"},"potentialAction":[{"@type":"SearchAction","target":{"@type":"EntryPoint","urlTemplate":"https:\/\/venergoteh.hr\/de\/?s={search_term_string}"},"query-input":{"@type":"PropertyValueSpecification","valueRequired":true,"valueName":"search_term_string"}}],"inLanguage":"de"},{"@type":"Organization","@id":"https:\/\/venergoteh.hr\/de\/#organization","name":"Venergoteh d.o.o.","url":"https:\/\/venergoteh.hr\/de\/","logo":{"@type":"ImageObject","inLanguage":"de","@id":"https:\/\/venergoteh.hr\/de\/#\/schema\/logo\/image\/","url":"https:\/\/venergoteh.hr\/wp-content\/uploads\/2019\/10\/venergoteh-logo-web.png","contentUrl":"https:\/\/venergoteh.hr\/wp-content\/uploads\/2019\/10\/venergoteh-logo-web.png","width":4922,"height":901,"caption":"Venergoteh d.o.o."},"image":{"@id":"https:\/\/venergoteh.hr\/de\/#\/schema\/logo\/image\/"}}]}},"_links":{"self":[{"href":"https:\/\/venergoteh.hr\/de\/wp-json\/wp\/v2\/pages\/10","targetHints":{"allow":["GET"]}}],"collection":[{"href":"https:\/\/venergoteh.hr\/de\/wp-json\/wp\/v2\/pages"}],"about":[{"href":"https:\/\/venergoteh.hr\/de\/wp-json\/wp\/v2\/types\/page"}],"author":[{"embeddable":true,"href":"https:\/\/venergoteh.hr\/de\/wp-json\/wp\/v2\/users\/1"}],"replies":[{"embeddable":true,"href":"https:\/\/venergoteh.hr\/de\/wp-json\/wp\/v2\/comments?post=10"}],"version-history":[{"count":7,"href":"https:\/\/venergoteh.hr\/de\/wp-json\/wp\/v2\/pages\/10\/revisions"}],"predecessor-version":[{"id":181,"href":"https:\/\/venergoteh.hr\/de\/wp-json\/wp\/v2\/pages\/10\/revisions\/181"}],"wp:attachment":[{"href":"https:\/\/venergoteh.hr\/de\/wp-json\/wp\/v2\/media?parent=10"}],"curies":[{"name":"wp","href":"https:\/\/api.w.org\/{rel}","templated":true}]}}