{"id":14,"date":"2019-01-22T12:05:54","date_gmt":"2019-01-22T11:05:54","guid":{"rendered":"https:\/\/themes.muffingroup.com\/be\/electronics\/?page_id=14"},"modified":"2021-03-31T17:56:42","modified_gmt":"2021-03-31T15:56:42","slug":"o-nama","status":"publish","type":"page","link":"https:\/\/venergoteh.hr\/de\/ueber-uns\/","title":{"rendered":"\u00dcber uns"},"content":{"rendered":"<h1>\u00dcber uns<\/h1>\r\n<p><\/p>\r\n<h1>Bel\u00fcftung, Klimatisierung und Entfeuchtung des Pools, Wartung und Instandhaltung<\/h1>\r\n<p class=\"translation-block\">center<br>#083e3d<br>no-repeat;left top;;<br>auto<\/p>\r\n<h3>Venergoteh d.o.o.<\/h3>\r\n<p><hr class=\"no_line\" style=\"margin: 0 auto 0px auto\"\/>\n<br>\r\n<br>Venergoteh d.o.o. ist seit 2008 in Betrieb und nutzt langj\u00e4hrige Erfahrung und Gesch\u00e4ftserfahrung, um erstklassige Dienstleistungen zu erbringen. Wir sind in ganz Kroatien und dar\u00fcber hinaus mit unserem Hauptsitz in Vara\u017edin t\u00e4tig. Als unsere Hauptt\u00e4tigkeit konzentrieren wir uns auf den Verkauf und die Wartung von K\u00fchl- und L\u00fcftungssystemen sowie auf die Entsorgung von Innenpools und deren Wartung.<br>\r\n<br>Wir warten und warten mehr als 100 Einrichtungen f\u00fcr verschiedene Zwecke:<br>\r\n<br>- Innenstadt und private Pools<br>\r\n<br>- Sporthallen<br>\r\n<br>- Fakult\u00e4ten und Bibliotheken<br>\r\n<br>- Hotels und Restaurants<br>\r\n<br>- Fabriken und Produktionsst\u00e4tten<br>\r\n<br>- private Wohngeb\u00e4ude mit Innenpools mit insgesamt mehr als 300 Ger\u00e4ten f\u00fcr Klimaanlage und Entfeuchtung, L\u00fcftung, Heizung, K\u00fchlung, automatische Regelung, ZNS.<br>\r\n<br>Wir warten und warten verschiedene Arten von Ger\u00e4ten, verschiedene Hersteller wie: MENERGA, SE, SIEMENS, PROKLIMA, IMP, GEA, KVS, LUFTBEWEGUNG, SET, AL-KO, CALOREX, DANTHERM, HAIER und andere.<br>\r\n<br>Wir unterst\u00fctzen Investoren in allen Phasen des Baus von Klimaanlagen, der Entfeuchtung sowie bei der Auswahl des geeigneten Ger\u00e4ts, der optimalen Luftverteilung und der Position der Steuerelemente.<br>\r\n<br>Venergoteh d.o.o. hat langj\u00e4hrige Erfahrung und Sie k\u00f6nnen uns mit vollem Vertrauen kontaktieren. <br>left<br>no-repeat;left top;;<br>auto<\/p>\r\n<h2>Wir erledigen alle Aufgaben zeitnah und professionell in der f\u00fcr Sie am besten geeigneten Zeit<\/h2>\r\n<p><hr class=\"no_line\" style=\"margin: 0 auto 0px auto\"\/>\n<br>left<br>no-repeat;left top;;<br>auto<\/p>\r\n<h3>Bel\u00fcftung und Klimaanlage des Pools <\/h3>\r\n<p><hr class=\"no_line\" style=\"margin: 0 auto 0px auto\"\/>\n<br>\r\n<br>Die Bel\u00fcftung und Klimatisierung des Pools ist die anspruchsvollste Art der Klimatisierung und Bel\u00fcftung, bei der der r\u00e4umliche Komfort vernachl\u00e4ssigbar ist. Im Hintergrund muss die Technik einwandfrei funktionieren und der Person unbeschwerte Entspannung erm\u00f6glichen, w\u00e4hrend die Kosten f\u00fcr den Betrieb des Pools minimiert werden. Es ist notwendig, eine intelligente Klimatechnik zu implementieren, die eine ausreichend gro\u00dfe Entfeuchtungskapazit\u00e4t und einen hohen Grad an Energier\u00fcckgewinnung aufweist. Dies ist ein wichtiger Aspekt f\u00fcr die strategische Reduzierung der Arbeitskosten, w\u00e4hrend durch die Entfeuchtung feuchtes Glas effektiv entfernt werden kann.<br>left<br>https:\/\/venergoteh.hr\/wp-content\/uploads\/2019\/01\/electornics-icon-quote.png<br>no-repeat;left top;;<br>auto<br>0 0 0 65px<\/p>\r\n<p><img decoding=\"async\" src=\"https:\/\/venergoteh.hr\/wp-content\/uploads\/2019\/08\/venergoteh-servis-bazen.jpg\" alt=\"venergoteh-servis-bazen\"><\/p>\r\n<p>default<br>default<\/p>\r\n\r\n\r\n<p><a href=\"https:\/\/venergoteh.hr\/de\/kontakt\/\">Kontaktieren Sie uns<\/a><\/p>","protected":false},"excerpt":{"rendered":"<p>O nama Ventilacija, klimatizacija i odvla\u017eivanje bazena, odr\u017eavanje i servisiranje center#083e3dno-repeat;left top;;auto Venergoteh d.o.o. Tvrtka Venergoteh d.o.o. posluje od 2008. godine a dugogodi\u0161nje poslovanje i ste\u010deno<span class=\"excerpt-hellip\"> [\u2026]<\/span><\/p>","protected":false},"author":1,"featured_media":0,"parent":0,"menu_order":0,"comment_status":"closed","ping_status":"closed","template":"","meta":{"footnotes":""},"class_list":["post-14","page","type-page","status-publish","hentry"],"yoast_head":"<!-- This site is optimized with the Yoast SEO plugin v25.1 - https:\/\/yoast.com\/wordpress\/plugins\/seo\/ -->\n<title>O nama - Venergoteh.hr kontaktirajte nas putem email-a<\/title>\n<meta name=\"description\" content=\"Ventilacija, klimatizacija i odvla\u017eivanje bazena, odr\u017eavanje i servisiranje. Kontaktirajte nas putem email-a.\" \/>\n<meta name=\"robots\" content=\"index, follow, max-snippet:-1, max-image-preview:large, max-video-preview:-1\" \/>\n<link rel=\"canonical\" href=\"https:\/\/venergoteh.hr\/de\/o-nama\/\" \/>\n<meta property=\"og:locale\" content=\"de_DE\" \/>\n<meta property=\"og:type\" content=\"article\" \/>\n<meta property=\"og:title\" content=\"O nama - Venergoteh.hr kontaktirajte nas putem email-a\" \/>\n<meta property=\"og:description\" content=\"Ventilacija, klimatizacija i odvla\u017eivanje bazena, odr\u017eavanje i servisiranje. Kontaktirajte nas putem email-a.\" \/>\n<meta property=\"og:url\" content=\"https:\/\/venergoteh.hr\/de\/o-nama\/\" \/>\n<meta property=\"og:site_name\" content=\"Venergoteh.hr\" \/>\n<meta property=\"article:modified_time\" content=\"2021-03-31T15:56:42+00:00\" \/>\n<meta property=\"og:image\" content=\"https:\/\/venergoteh.hr\/wp-content\/uploads\/2019\/08\/venergoteh-servis-bazen.jpg\" \/>\n<meta name=\"twitter:card\" content=\"summary_large_image\" \/>\n<meta name=\"twitter:label1\" content=\"Gesch\u00e4tzte Lesezeit\" \/>\n\t<meta name=\"twitter:data1\" content=\"2\u00a0Minuten\" \/>\n<script type=\"application\/ld+json\" class=\"yoast-schema-graph\">{\"@context\":\"https:\/\/schema.org\",\"@graph\":[{\"@type\":\"WebPage\",\"@id\":\"https:\/\/venergoteh.hr\/o-nama\/\",\"url\":\"https:\/\/venergoteh.hr\/o-nama\/\",\"name\":\"O nama - Venergoteh.hr kontaktirajte nas putem email-a\",\"isPartOf\":{\"@id\":\"https:\/\/venergoteh.hr\/de\/#website\"},\"primaryImageOfPage\":{\"@id\":\"https:\/\/venergoteh.hr\/o-nama\/#primaryimage\"},\"image\":{\"@id\":\"https:\/\/venergoteh.hr\/o-nama\/#primaryimage\"},\"thumbnailUrl\":\"https:\/\/venergoteh.hr\/wp-content\/uploads\/2019\/08\/venergoteh-servis-bazen.jpg\",\"datePublished\":\"2019-01-22T11:05:54+00:00\",\"dateModified\":\"2021-03-31T15:56:42+00:00\",\"description\":\"Ventilacija, klimatizacija i odvla\u017eivanje bazena, odr\u017eavanje i servisiranje. Kontaktirajte nas putem email-a.\",\"breadcrumb\":{\"@id\":\"https:\/\/venergoteh.hr\/o-nama\/#breadcrumb\"},\"inLanguage\":\"de\",\"potentialAction\":[{\"@type\":\"ReadAction\",\"target\":[\"https:\/\/venergoteh.hr\/o-nama\/\"]}]},{\"@type\":\"ImageObject\",\"inLanguage\":\"de\",\"@id\":\"https:\/\/venergoteh.hr\/o-nama\/#primaryimage\",\"url\":\"https:\/\/venergoteh.hr\/wp-content\/uploads\/2019\/08\/venergoteh-servis-bazen.jpg\",\"contentUrl\":\"https:\/\/venergoteh.hr\/wp-content\/uploads\/2019\/08\/venergoteh-servis-bazen.jpg\"},{\"@type\":\"BreadcrumbList\",\"@id\":\"https:\/\/venergoteh.hr\/o-nama\/#breadcrumb\",\"itemListElement\":[{\"@type\":\"ListItem\",\"position\":1,\"name\":\"Po\u010detna stranica\",\"item\":\"https:\/\/venergoteh.hr\/de\/\"},{\"@type\":\"ListItem\",\"position\":2,\"name\":\"O nama\"}]},{\"@type\":\"WebSite\",\"@id\":\"https:\/\/venergoteh.hr\/de\/#website\",\"url\":\"https:\/\/venergoteh.hr\/de\/\",\"name\":\"Venergoteh.hr\",\"description\":\"Ventilacija, klimatizacija i odvla\u017eivanje bazena\",\"publisher\":{\"@id\":\"https:\/\/venergoteh.hr\/de\/#organization\"},\"potentialAction\":[{\"@type\":\"SearchAction\",\"target\":{\"@type\":\"EntryPoint\",\"urlTemplate\":\"https:\/\/venergoteh.hr\/de\/?s={search_term_string}\"},\"query-input\":{\"@type\":\"PropertyValueSpecification\",\"valueRequired\":true,\"valueName\":\"search_term_string\"}}],\"inLanguage\":\"de\"},{\"@type\":\"Organization\",\"@id\":\"https:\/\/venergoteh.hr\/de\/#organization\",\"name\":\"Venergoteh d.o.o.\",\"url\":\"https:\/\/venergoteh.hr\/de\/\",\"logo\":{\"@type\":\"ImageObject\",\"inLanguage\":\"de\",\"@id\":\"https:\/\/venergoteh.hr\/de\/#\/schema\/logo\/image\/\",\"url\":\"https:\/\/venergoteh.hr\/wp-content\/uploads\/2019\/10\/venergoteh-logo-web.png\",\"contentUrl\":\"https:\/\/venergoteh.hr\/wp-content\/uploads\/2019\/10\/venergoteh-logo-web.png\",\"width\":4922,\"height\":901,\"caption\":\"Venergoteh d.o.o.\"},\"image\":{\"@id\":\"https:\/\/venergoteh.hr\/de\/#\/schema\/logo\/image\/\"}}]}<\/script>\n<!-- \/ Yoast SEO plugin. -->","yoast_head_json":{"title":"O nama - Venergoteh.hr kontaktirajte nas putem email-a","description":"Ventilacija, klimatizacija i odvla\u017eivanje bazena, odr\u017eavanje i servisiranje. Kontaktirajte nas putem email-a.","robots":{"index":"index","follow":"follow","max-snippet":"max-snippet:-1","max-image-preview":"max-image-preview:large","max-video-preview":"max-video-preview:-1"},"canonical":"https:\/\/venergoteh.hr\/de\/o-nama\/","og_locale":"de_DE","og_type":"article","og_title":"O nama - Venergoteh.hr kontaktirajte nas putem email-a","og_description":"Ventilacija, klimatizacija i odvla\u017eivanje bazena, odr\u017eavanje i servisiranje. Kontaktirajte nas putem email-a.","og_url":"https:\/\/venergoteh.hr\/de\/o-nama\/","og_site_name":"Venergoteh.hr","article_modified_time":"2021-03-31T15:56:42+00:00","og_image":[{"url":"https:\/\/venergoteh.hr\/wp-content\/uploads\/2019\/08\/venergoteh-servis-bazen.jpg","type":"","width":"","height":""}],"twitter_card":"summary_large_image","twitter_misc":{"Gesch\u00e4tzte Lesezeit":"2\u00a0Minuten"},"schema":{"@context":"https:\/\/schema.org","@graph":[{"@type":"WebPage","@id":"https:\/\/venergoteh.hr\/o-nama\/","url":"https:\/\/venergoteh.hr\/o-nama\/","name":"O nama - Venergoteh.hr kontaktirajte nas putem email-a","isPartOf":{"@id":"https:\/\/venergoteh.hr\/de\/#website"},"primaryImageOfPage":{"@id":"https:\/\/venergoteh.hr\/o-nama\/#primaryimage"},"image":{"@id":"https:\/\/venergoteh.hr\/o-nama\/#primaryimage"},"thumbnailUrl":"https:\/\/venergoteh.hr\/wp-content\/uploads\/2019\/08\/venergoteh-servis-bazen.jpg","datePublished":"2019-01-22T11:05:54+00:00","dateModified":"2021-03-31T15:56:42+00:00","description":"Ventilacija, klimatizacija i odvla\u017eivanje bazena, odr\u017eavanje i servisiranje. Kontaktirajte nas putem email-a.","breadcrumb":{"@id":"https:\/\/venergoteh.hr\/o-nama\/#breadcrumb"},"inLanguage":"de","potentialAction":[{"@type":"ReadAction","target":["https:\/\/venergoteh.hr\/o-nama\/"]}]},{"@type":"ImageObject","inLanguage":"de","@id":"https:\/\/venergoteh.hr\/o-nama\/#primaryimage","url":"https:\/\/venergoteh.hr\/wp-content\/uploads\/2019\/08\/venergoteh-servis-bazen.jpg","contentUrl":"https:\/\/venergoteh.hr\/wp-content\/uploads\/2019\/08\/venergoteh-servis-bazen.jpg"},{"@type":"BreadcrumbList","@id":"https:\/\/venergoteh.hr\/o-nama\/#breadcrumb","itemListElement":[{"@type":"ListItem","position":1,"name":"Po\u010detna stranica","item":"https:\/\/venergoteh.hr\/de\/"},{"@type":"ListItem","position":2,"name":"O nama"}]},{"@type":"WebSite","@id":"https:\/\/venergoteh.hr\/de\/#website","url":"https:\/\/venergoteh.hr\/de\/","name":"Venergoteh.hr","description":"Ventilacija, klimatizacija i odvla\u017eivanje bazena","publisher":{"@id":"https:\/\/venergoteh.hr\/de\/#organization"},"potentialAction":[{"@type":"SearchAction","target":{"@type":"EntryPoint","urlTemplate":"https:\/\/venergoteh.hr\/de\/?s={search_term_string}"},"query-input":{"@type":"PropertyValueSpecification","valueRequired":true,"valueName":"search_term_string"}}],"inLanguage":"de"},{"@type":"Organization","@id":"https:\/\/venergoteh.hr\/de\/#organization","name":"Venergoteh d.o.o.","url":"https:\/\/venergoteh.hr\/de\/","logo":{"@type":"ImageObject","inLanguage":"de","@id":"https:\/\/venergoteh.hr\/de\/#\/schema\/logo\/image\/","url":"https:\/\/venergoteh.hr\/wp-content\/uploads\/2019\/10\/venergoteh-logo-web.png","contentUrl":"https:\/\/venergoteh.hr\/wp-content\/uploads\/2019\/10\/venergoteh-logo-web.png","width":4922,"height":901,"caption":"Venergoteh d.o.o."},"image":{"@id":"https:\/\/venergoteh.hr\/de\/#\/schema\/logo\/image\/"}}]}},"_links":{"self":[{"href":"https:\/\/venergoteh.hr\/de\/wp-json\/wp\/v2\/pages\/14","targetHints":{"allow":["GET"]}}],"collection":[{"href":"https:\/\/venergoteh.hr\/de\/wp-json\/wp\/v2\/pages"}],"about":[{"href":"https:\/\/venergoteh.hr\/de\/wp-json\/wp\/v2\/types\/page"}],"author":[{"embeddable":true,"href":"https:\/\/venergoteh.hr\/de\/wp-json\/wp\/v2\/users\/1"}],"replies":[{"embeddable":true,"href":"https:\/\/venergoteh.hr\/de\/wp-json\/wp\/v2\/comments?post=14"}],"version-history":[{"count":5,"href":"https:\/\/venergoteh.hr\/de\/wp-json\/wp\/v2\/pages\/14\/revisions"}],"predecessor-version":[{"id":182,"href":"https:\/\/venergoteh.hr\/de\/wp-json\/wp\/v2\/pages\/14\/revisions\/182"}],"wp:attachment":[{"href":"https:\/\/venergoteh.hr\/de\/wp-json\/wp\/v2\/media?parent=14"}],"curies":[{"name":"wp","href":"https:\/\/api.w.org\/{rel}","templated":true}]}}