{"id":16,"date":"2019-01-22T12:06:07","date_gmt":"2019-01-22T11:06:07","guid":{"rendered":"https:\/\/themes.muffingroup.com\/be\/electronics\/?page_id=16"},"modified":"2021-03-31T17:56:57","modified_gmt":"2021-03-31T15:56:57","slug":"kontakt","status":"publish","type":"page","link":"https:\/\/venergoteh.hr\/de\/kontakt\/","title":{"rendered":"Kontakt"},"content":{"rendered":"<p>Kontaktieren Sie uns\r<br><h1>Reparatur und Wartung von Klima-, L\u00fcftungs- oder Heizungssystemen, kompletter Service<\/h1><br>no-repeat;left top;;<br>auto<br><br><h2>Venergoteh d.o.o.<\/h2>\r<br>Venergoteh d.o.o. Sie verf\u00fcgt \u00fcber langj\u00e4hrige Erfahrung, und Sie k\u00f6nnen sich mit vollem Vertrauen an sie wenden. \r<br>Wir sind in ganz Kroatien und Slowenien mit Hauptsitz in Vara\u017edin t\u00e4tig.\r<br><br>no-repeat;left top;;<br>auto<br><br><h3>Arbeitszeit<\/h3>\r<br>\r<br><div class=\"opening_hours\" ><div class=\"opening_hours_wrapper\"><span class=\"ohw-desc\">\r<br>\r<br>Montag - Freitag 8:00 - 16:00\r<br>Samstag 8:00 - 13:00\r<br>\r<br><\/span><\/div><\/div>\n<br>no-repeat;left top;;<br>auto<br><br><h3>Unsere Adresse<\/h3>\r<br>\r<br>Ivana Rangera 40\r<br>HR-42000 Vara\u017edin\r<br>Kroatien<br>no-repeat;left top;;<br>auto<br><br><p class=\"wpcf7-contact-form-not-found\"><strong>Fehler:<\/strong> Kontaktformular wurde nicht gefunden.<\/p>\r<br>Kontaktieren Sie uns per E-Mail, Telefon oder Kontaktformular. <br>center<br>no-repeat;left top;;<br>auto<br><br>46.3008961<br>16.3184146<br>9<br>500<br>ROADMAP<br>https:\/\/venergoteh.hr\/wp-content\/uploads\/2019\/08\/pin.png<br>box<br><br><\/p>\n\n\n\n<p><a href=\"https:\/\/venergoteh.hr\/de\/kontakt\/\">Kontaktieren Sie uns<\/a><\/p>","protected":false},"excerpt":{"rendered":"<p>Kontaktirajte nas Popravci i odr\u017eavanje klimatizacije, ventilacije ili sustava grijanja, kompletan servis no-repeat;left top;;auto Venergoteh d.o.o. Tvrtka Venergoteh d.o.o. ima dugogodi\u0161nje iskustvo, te joj se s<span class=\"excerpt-hellip\"> [\u2026]<\/span><\/p>","protected":false},"author":1,"featured_media":0,"parent":0,"menu_order":0,"comment_status":"closed","ping_status":"closed","template":"","meta":{"footnotes":""},"class_list":["post-16","page","type-page","status-publish","hentry"],"yoast_head":"<!-- This site is optimized with the Yoast SEO plugin v25.1 - https:\/\/yoast.com\/wordpress\/plugins\/seo\/ -->\n<title>Kontakt - Venergoteh.hr kontaktirajte nas putem email-a<\/title>\n<meta name=\"description\" content=\"Popravci i odr\u017eavanje klimatizacije, ventilacije ili sustava grijanja, kompletan servis. Kontaktirajte nas putem email-a.\" \/>\n<meta name=\"robots\" content=\"index, follow, max-snippet:-1, max-image-preview:large, max-video-preview:-1\" \/>\n<link rel=\"canonical\" href=\"https:\/\/venergoteh.hr\/de\/kontakt\/\" \/>\n<meta property=\"og:locale\" content=\"de_DE\" \/>\n<meta property=\"og:type\" content=\"article\" \/>\n<meta property=\"og:title\" content=\"Kontakt - Venergoteh.hr kontaktirajte nas putem email-a\" \/>\n<meta property=\"og:description\" content=\"Popravci i odr\u017eavanje klimatizacije, ventilacije ili sustava grijanja, kompletan servis. Kontaktirajte nas putem email-a.\" \/>\n<meta property=\"og:url\" content=\"https:\/\/venergoteh.hr\/de\/kontakt\/\" \/>\n<meta property=\"og:site_name\" content=\"Venergoteh.hr\" \/>\n<meta property=\"article:modified_time\" content=\"2021-03-31T15:56:57+00:00\" \/>\n<meta name=\"twitter:card\" content=\"summary_large_image\" \/>\n<meta name=\"twitter:label1\" content=\"Gesch\u00e4tzte Lesezeit\" \/>\n\t<meta name=\"twitter:data1\" content=\"1\u00a0Minute\" \/>\n<script type=\"application\/ld+json\" class=\"yoast-schema-graph\">{\"@context\":\"https:\/\/schema.org\",\"@graph\":[{\"@type\":\"WebPage\",\"@id\":\"https:\/\/venergoteh.hr\/kontakt\/\",\"url\":\"https:\/\/venergoteh.hr\/kontakt\/\",\"name\":\"Kontakt - Venergoteh.hr kontaktirajte nas putem email-a\",\"isPartOf\":{\"@id\":\"https:\/\/venergoteh.hr\/de\/#website\"},\"datePublished\":\"2019-01-22T11:06:07+00:00\",\"dateModified\":\"2021-03-31T15:56:57+00:00\",\"description\":\"Popravci i odr\u017eavanje klimatizacije, ventilacije ili sustava grijanja, kompletan servis. Kontaktirajte nas putem email-a.\",\"breadcrumb\":{\"@id\":\"https:\/\/venergoteh.hr\/kontakt\/#breadcrumb\"},\"inLanguage\":\"de\",\"potentialAction\":[{\"@type\":\"ReadAction\",\"target\":[\"https:\/\/venergoteh.hr\/kontakt\/\"]}]},{\"@type\":\"BreadcrumbList\",\"@id\":\"https:\/\/venergoteh.hr\/kontakt\/#breadcrumb\",\"itemListElement\":[{\"@type\":\"ListItem\",\"position\":1,\"name\":\"Po\u010detna stranica\",\"item\":\"https:\/\/venergoteh.hr\/de\/\"},{\"@type\":\"ListItem\",\"position\":2,\"name\":\"Kontakt\"}]},{\"@type\":\"WebSite\",\"@id\":\"https:\/\/venergoteh.hr\/de\/#website\",\"url\":\"https:\/\/venergoteh.hr\/de\/\",\"name\":\"Venergoteh.hr\",\"description\":\"Ventilacija, klimatizacija i odvla\u017eivanje bazena\",\"publisher\":{\"@id\":\"https:\/\/venergoteh.hr\/de\/#organization\"},\"potentialAction\":[{\"@type\":\"SearchAction\",\"target\":{\"@type\":\"EntryPoint\",\"urlTemplate\":\"https:\/\/venergoteh.hr\/de\/?s={search_term_string}\"},\"query-input\":{\"@type\":\"PropertyValueSpecification\",\"valueRequired\":true,\"valueName\":\"search_term_string\"}}],\"inLanguage\":\"de\"},{\"@type\":\"Organization\",\"@id\":\"https:\/\/venergoteh.hr\/de\/#organization\",\"name\":\"Venergoteh d.o.o.\",\"url\":\"https:\/\/venergoteh.hr\/de\/\",\"logo\":{\"@type\":\"ImageObject\",\"inLanguage\":\"de\",\"@id\":\"https:\/\/venergoteh.hr\/de\/#\/schema\/logo\/image\/\",\"url\":\"https:\/\/venergoteh.hr\/wp-content\/uploads\/2019\/10\/venergoteh-logo-web.png\",\"contentUrl\":\"https:\/\/venergoteh.hr\/wp-content\/uploads\/2019\/10\/venergoteh-logo-web.png\",\"width\":4922,\"height\":901,\"caption\":\"Venergoteh d.o.o.\"},\"image\":{\"@id\":\"https:\/\/venergoteh.hr\/de\/#\/schema\/logo\/image\/\"}}]}<\/script>\n<!-- \/ Yoast SEO plugin. -->","yoast_head_json":{"title":"Kontakt - Venergoteh.hr kontaktirajte nas putem email-a","description":"Popravci i odr\u017eavanje klimatizacije, ventilacije ili sustava grijanja, kompletan servis. Kontaktirajte nas putem email-a.","robots":{"index":"index","follow":"follow","max-snippet":"max-snippet:-1","max-image-preview":"max-image-preview:large","max-video-preview":"max-video-preview:-1"},"canonical":"https:\/\/venergoteh.hr\/de\/kontakt\/","og_locale":"de_DE","og_type":"article","og_title":"Kontakt - Venergoteh.hr kontaktirajte nas putem email-a","og_description":"Popravci i odr\u017eavanje klimatizacije, ventilacije ili sustava grijanja, kompletan servis. Kontaktirajte nas putem email-a.","og_url":"https:\/\/venergoteh.hr\/de\/kontakt\/","og_site_name":"Venergoteh.hr","article_modified_time":"2021-03-31T15:56:57+00:00","twitter_card":"summary_large_image","twitter_misc":{"Gesch\u00e4tzte Lesezeit":"1\u00a0Minute"},"schema":{"@context":"https:\/\/schema.org","@graph":[{"@type":"WebPage","@id":"https:\/\/venergoteh.hr\/kontakt\/","url":"https:\/\/venergoteh.hr\/kontakt\/","name":"Kontakt - Venergoteh.hr kontaktirajte nas putem email-a","isPartOf":{"@id":"https:\/\/venergoteh.hr\/de\/#website"},"datePublished":"2019-01-22T11:06:07+00:00","dateModified":"2021-03-31T15:56:57+00:00","description":"Popravci i odr\u017eavanje klimatizacije, ventilacije ili sustava grijanja, kompletan servis. Kontaktirajte nas putem email-a.","breadcrumb":{"@id":"https:\/\/venergoteh.hr\/kontakt\/#breadcrumb"},"inLanguage":"de","potentialAction":[{"@type":"ReadAction","target":["https:\/\/venergoteh.hr\/kontakt\/"]}]},{"@type":"BreadcrumbList","@id":"https:\/\/venergoteh.hr\/kontakt\/#breadcrumb","itemListElement":[{"@type":"ListItem","position":1,"name":"Po\u010detna stranica","item":"https:\/\/venergoteh.hr\/de\/"},{"@type":"ListItem","position":2,"name":"Kontakt"}]},{"@type":"WebSite","@id":"https:\/\/venergoteh.hr\/de\/#website","url":"https:\/\/venergoteh.hr\/de\/","name":"Venergoteh.hr","description":"Ventilacija, klimatizacija i odvla\u017eivanje bazena","publisher":{"@id":"https:\/\/venergoteh.hr\/de\/#organization"},"potentialAction":[{"@type":"SearchAction","target":{"@type":"EntryPoint","urlTemplate":"https:\/\/venergoteh.hr\/de\/?s={search_term_string}"},"query-input":{"@type":"PropertyValueSpecification","valueRequired":true,"valueName":"search_term_string"}}],"inLanguage":"de"},{"@type":"Organization","@id":"https:\/\/venergoteh.hr\/de\/#organization","name":"Venergoteh d.o.o.","url":"https:\/\/venergoteh.hr\/de\/","logo":{"@type":"ImageObject","inLanguage":"de","@id":"https:\/\/venergoteh.hr\/de\/#\/schema\/logo\/image\/","url":"https:\/\/venergoteh.hr\/wp-content\/uploads\/2019\/10\/venergoteh-logo-web.png","contentUrl":"https:\/\/venergoteh.hr\/wp-content\/uploads\/2019\/10\/venergoteh-logo-web.png","width":4922,"height":901,"caption":"Venergoteh d.o.o."},"image":{"@id":"https:\/\/venergoteh.hr\/de\/#\/schema\/logo\/image\/"}}]}},"_links":{"self":[{"href":"https:\/\/venergoteh.hr\/de\/wp-json\/wp\/v2\/pages\/16","targetHints":{"allow":["GET"]}}],"collection":[{"href":"https:\/\/venergoteh.hr\/de\/wp-json\/wp\/v2\/pages"}],"about":[{"href":"https:\/\/venergoteh.hr\/de\/wp-json\/wp\/v2\/types\/page"}],"author":[{"embeddable":true,"href":"https:\/\/venergoteh.hr\/de\/wp-json\/wp\/v2\/users\/1"}],"replies":[{"embeddable":true,"href":"https:\/\/venergoteh.hr\/de\/wp-json\/wp\/v2\/comments?post=16"}],"version-history":[{"count":3,"href":"https:\/\/venergoteh.hr\/de\/wp-json\/wp\/v2\/pages\/16\/revisions"}],"predecessor-version":[{"id":178,"href":"https:\/\/venergoteh.hr\/de\/wp-json\/wp\/v2\/pages\/16\/revisions\/178"}],"wp:attachment":[{"href":"https:\/\/venergoteh.hr\/de\/wp-json\/wp\/v2\/media?parent=16"}],"curies":[{"name":"wp","href":"https:\/\/api.w.org\/{rel}","templated":true}]}}