{"id":8,"date":"2019-01-22T12:04:38","date_gmt":"2019-01-22T11:04:38","guid":{"rendered":"https:\/\/themes.muffingroup.com\/be\/electronics\/?page_id=8"},"modified":"2021-02-11T18:45:54","modified_gmt":"2021-02-11T17:45:54","slug":"naslovnica","status":"publish","type":"page","link":"https:\/\/venergoteh.hr\/de\/","title":{"rendered":"Startseite"},"content":{"rendered":"<p><img decoding=\"async\" src=\"https:\/\/venergoteh.hr\/wp-content\/uploads\/2019\/10\/photo-1500308806058-9eb40154a774.jpg\" alt=\"photo-1500308806058-9eb40154a774\" \/><br><br><h2>Bel\u00fcftung, Klimatisierung und Entfeuchtung des Pools, Wartung und Instandhaltung<\/h2><br>no-repeat;left top;;<br>auto<br><br>default<br><br><img decoding=\"async\" src=\"https:\/\/venergoteh.hr\/wp-content\/uploads\/2019\/01\/electronics-home-icon1.png\" \/>\r<br><hr class=\"no_line\" style=\"margin: 0 auto 0px auto\"\/>\n\r<br>Energie\r<br> sparsamer Weg<br>no-repeat;left top;;<br>auto<br>0 5% 0 0<br><br><img decoding=\"async\" src=\"https:\/\/venergoteh.hr\/wp-content\/uploads\/2019\/01\/electronics-home-icon2.png\" \/>\r<br><hr class=\"no_line\" style=\"margin: 0 auto 0px auto\"\/>\n\r<br>Schnell\r<br>Diagnose<br>no-repeat;left top;;<br>auto<br>0 5% 0 0<br><br><img decoding=\"async\" src=\"https:\/\/venergoteh.hr\/wp-content\/uploads\/2019\/01\/electronics-home-icon3.png\" \/>\r<br><hr class=\"no_line\" style=\"margin: 0 auto 0px auto\"\/>\n\r<br>G\u00fcnstig\r<br>Preis<br>no-repeat;left top;;<br>auto<br>0 5% 0 0<br><br>default<br><br>\u00dcber uns<br><a href=\"https:\/\/venergoteh.hr\/de\/o-nama\/\">https:\/\/venergoteh.hr\/o-nama\/<\/a><br>icon-minus<br>right<br>#006358<br>#ffffff<br><br>Unsere Dienstleistungen\r<br><h2>Die Bel\u00fcftung und Klimatisierung des Pools ist die anspruchsvollste Art der Klimatisierung und Bel\u00fcftung, bei der der r\u00e4umliche Komfort vernachl\u00e4ssigbar ist.<\/h2>\r<br>Im Hintergrund muss die Technik einwandfrei funktionieren und der Person unbeschwerte Entspannung erm\u00f6glichen, w\u00e4hrend die Kosten f\u00fcr den Betrieb des Pools minimiert werden. \r<br><br>left<br>no-repeat;left top;;<br>auto<br>20px<br><br>Mehr \u00fcber unsere Dienstleistungen<br><a href=\"https:\/\/venergoteh.hr\/de\/nase-usluge\/\">https:\/\/venergoteh.hr\/nase-usluge\/<\/a><br>center<br>left<br>#47de55<br>#003933<br>3<br><br>50<br>default<br><br>Our blog\r<br><h2>Read interesting \r<br>articles about electronics<\/h2><br>center<br>no-repeat;left top;;<br>auto<br><br>h3<br>date<br>ASC<br><br><h1>300k<\/h1>\r<br>Servisiranih ure\u0111aja\r<br><hr class=\"no_line\" style=\"margin: 0 auto 0px auto\"\/>\n<br>https:\/\/venergoteh.hr\/wp-content\/uploads\/2019\/01\/electornics-home-bottom-section-square-bg.png<br>no-repeat;left top;;<br>contain<br>30px<br><br><h1>vi\u0161e od 100<\/h1>\r<br>Objekata\r<br><hr class=\"no_line\" style=\"margin: 0 auto 0px auto\"\/>\n<br>https:\/\/venergoteh.hr\/wp-content\/uploads\/2019\/01\/electronics-home-bottom-section-square-bg-2.png<br>no-repeat;left top;;<br>contain<br>30px<br><br>Bedienung\r<br><h2>Kontaktieren Sie uns f\u00fcr einen Termin<\/h2>\r<br><hr class=\"no_line\" style=\"margin: 0 auto 0px auto\"\/>\n\r<br><a class=\"button  button_size_2\" href=\"\"         title=\"\"><span class=\"button_label\">Button<\/span><\/a>\n\r<br>Ako primijetite bilo kakav problem sa ventilacijskim sustavom (miris, poja\u010dani zvuk, vibracije&#8230;) ili bilo \u0161to drugo, \u0161to se do sad nije de\u0161avalo kontaktirajte nas.<br>no-repeat;left top;;<br>auto<br><br>default<br>default<br><br><\/p>","protected":false},"excerpt":{"rendered":"<p>Ventilacija, klimatizacija i odvla\u017eivanje bazena, odr\u017eavanje i servisiranje no-repeat;left top;;auto default Energetski \u0161tedljiv na\u010dinno-repeat;left top;;auto0 5% 0 0 Brza dijagnostikano-repeat;left top;;auto0 5% 0 0 Povoljna cijenano-repeat;left<span class=\"excerpt-hellip\"> [\u2026]<\/span><\/p>","protected":false},"author":1,"featured_media":0,"parent":0,"menu_order":0,"comment_status":"closed","ping_status":"closed","template":"","meta":{"footnotes":""},"class_list":["post-8","page","type-page","status-publish","hentry"],"yoast_head":"<!-- This site is optimized with the Yoast SEO plugin v25.1 - https:\/\/yoast.com\/wordpress\/plugins\/seo\/ -->\n<title>Naslovnica - Venergoteh.hr kontaktirajte nas putem e-maila<\/title>\n<meta name=\"description\" content=\"Naslovnica: Ako primijetite bilo kakav problem sa ventilacijskim sustavom (miris, poja\u010dani zvuk, vibracije...) kontaktirajte nas.\" \/>\n<meta name=\"robots\" content=\"index, follow, max-snippet:-1, max-image-preview:large, max-video-preview:-1\" \/>\n<link rel=\"canonical\" href=\"https:\/\/venergoteh.hr\/de\/\" \/>\n<meta property=\"og:locale\" content=\"de_DE\" \/>\n<meta property=\"og:type\" content=\"article\" \/>\n<meta property=\"og:title\" content=\"Naslovnica - Venergoteh.hr kontaktirajte nas putem e-maila\" \/>\n<meta property=\"og:description\" content=\"Naslovnica: Ako primijetite bilo kakav problem sa ventilacijskim sustavom (miris, poja\u010dani zvuk, vibracije...) kontaktirajte nas.\" \/>\n<meta property=\"og:url\" content=\"https:\/\/venergoteh.hr\/de\/\" \/>\n<meta property=\"og:site_name\" content=\"Venergoteh.hr\" \/>\n<meta property=\"article:modified_time\" content=\"2021-02-11T17:45:54+00:00\" \/>\n<meta property=\"og:image\" content=\"https:\/\/venergoteh.hr\/wp-content\/uploads\/2019\/10\/photo-1500308806058-9eb40154a774.jpg\" \/>\n<meta name=\"twitter:card\" content=\"summary_large_image\" \/>\n<meta name=\"twitter:label1\" content=\"Gesch\u00e4tzte Lesezeit\" \/>\n\t<meta name=\"twitter:data1\" content=\"2\u00a0Minuten\" \/>\n<script type=\"application\/ld+json\" class=\"yoast-schema-graph\">{\"@context\":\"https:\/\/schema.org\",\"@graph\":[{\"@type\":\"WebPage\",\"@id\":\"https:\/\/venergoteh.hr\/de\/\",\"url\":\"https:\/\/venergoteh.hr\/de\/\",\"name\":\"Naslovnica - Venergoteh.hr kontaktirajte nas putem e-maila\",\"isPartOf\":{\"@id\":\"https:\/\/venergoteh.hr\/de\/#website\"},\"primaryImageOfPage\":{\"@id\":\"https:\/\/venergoteh.hr\/de\/#primaryimage\"},\"image\":{\"@id\":\"https:\/\/venergoteh.hr\/de\/#primaryimage\"},\"thumbnailUrl\":\"https:\/\/venergoteh.hr\/wp-content\/uploads\/2019\/10\/photo-1500308806058-9eb40154a774.jpg\",\"datePublished\":\"2019-01-22T11:04:38+00:00\",\"dateModified\":\"2021-02-11T17:45:54+00:00\",\"description\":\"Naslovnica: Ako primijetite bilo kakav problem sa ventilacijskim sustavom (miris, poja\u010dani zvuk, vibracije...) kontaktirajte nas.\",\"breadcrumb\":{\"@id\":\"https:\/\/venergoteh.hr\/de\/#breadcrumb\"},\"inLanguage\":\"de\",\"potentialAction\":[{\"@type\":\"ReadAction\",\"target\":[\"https:\/\/venergoteh.hr\/de\/\"]}]},{\"@type\":\"ImageObject\",\"inLanguage\":\"de\",\"@id\":\"https:\/\/venergoteh.hr\/de\/#primaryimage\",\"url\":\"https:\/\/venergoteh.hr\/wp-content\/uploads\/2019\/10\/photo-1500308806058-9eb40154a774.jpg\",\"contentUrl\":\"https:\/\/venergoteh.hr\/wp-content\/uploads\/2019\/10\/photo-1500308806058-9eb40154a774.jpg\"},{\"@type\":\"BreadcrumbList\",\"@id\":\"https:\/\/venergoteh.hr\/de\/#breadcrumb\",\"itemListElement\":[{\"@type\":\"ListItem\",\"position\":1,\"name\":\"Po\u010detna stranica\",\"item\":\"https:\/\/venergoteh.hr\/de\/\"},{\"@type\":\"ListItem\",\"position\":2,\"name\":\"Naslovnica\"}]},{\"@type\":\"WebSite\",\"@id\":\"https:\/\/venergoteh.hr\/de\/#website\",\"url\":\"https:\/\/venergoteh.hr\/de\/\",\"name\":\"Venergoteh.hr\",\"description\":\"Ventilacija, klimatizacija i odvla\u017eivanje bazena\",\"publisher\":{\"@id\":\"https:\/\/venergoteh.hr\/de\/#organization\"},\"potentialAction\":[{\"@type\":\"SearchAction\",\"target\":{\"@type\":\"EntryPoint\",\"urlTemplate\":\"https:\/\/venergoteh.hr\/de\/?s={search_term_string}\"},\"query-input\":{\"@type\":\"PropertyValueSpecification\",\"valueRequired\":true,\"valueName\":\"search_term_string\"}}],\"inLanguage\":\"de\"},{\"@type\":\"Organization\",\"@id\":\"https:\/\/venergoteh.hr\/de\/#organization\",\"name\":\"Venergoteh d.o.o.\",\"url\":\"https:\/\/venergoteh.hr\/de\/\",\"logo\":{\"@type\":\"ImageObject\",\"inLanguage\":\"de\",\"@id\":\"https:\/\/venergoteh.hr\/de\/#\/schema\/logo\/image\/\",\"url\":\"https:\/\/venergoteh.hr\/wp-content\/uploads\/2019\/10\/venergoteh-logo-web.png\",\"contentUrl\":\"https:\/\/venergoteh.hr\/wp-content\/uploads\/2019\/10\/venergoteh-logo-web.png\",\"width\":4922,\"height\":901,\"caption\":\"Venergoteh d.o.o.\"},\"image\":{\"@id\":\"https:\/\/venergoteh.hr\/de\/#\/schema\/logo\/image\/\"}}]}<\/script>\n<!-- \/ Yoast SEO plugin. -->","yoast_head_json":{"title":"Naslovnica - Venergoteh.hr kontaktirajte nas putem e-maila","description":"Naslovnica: Ako primijetite bilo kakav problem sa ventilacijskim sustavom (miris, poja\u010dani zvuk, vibracije...) kontaktirajte nas.","robots":{"index":"index","follow":"follow","max-snippet":"max-snippet:-1","max-image-preview":"max-image-preview:large","max-video-preview":"max-video-preview:-1"},"canonical":"https:\/\/venergoteh.hr\/de\/","og_locale":"de_DE","og_type":"article","og_title":"Naslovnica - Venergoteh.hr kontaktirajte nas putem e-maila","og_description":"Naslovnica: Ako primijetite bilo kakav problem sa ventilacijskim sustavom (miris, poja\u010dani zvuk, vibracije...) kontaktirajte nas.","og_url":"https:\/\/venergoteh.hr\/de\/","og_site_name":"Venergoteh.hr","article_modified_time":"2021-02-11T17:45:54+00:00","og_image":[{"url":"https:\/\/venergoteh.hr\/wp-content\/uploads\/2019\/10\/photo-1500308806058-9eb40154a774.jpg","type":"","width":"","height":""}],"twitter_card":"summary_large_image","twitter_misc":{"Gesch\u00e4tzte Lesezeit":"2\u00a0Minuten"},"schema":{"@context":"https:\/\/schema.org","@graph":[{"@type":"WebPage","@id":"https:\/\/venergoteh.hr\/de\/","url":"https:\/\/venergoteh.hr\/de\/","name":"Naslovnica - Venergoteh.hr kontaktirajte nas putem e-maila","isPartOf":{"@id":"https:\/\/venergoteh.hr\/de\/#website"},"primaryImageOfPage":{"@id":"https:\/\/venergoteh.hr\/de\/#primaryimage"},"image":{"@id":"https:\/\/venergoteh.hr\/de\/#primaryimage"},"thumbnailUrl":"https:\/\/venergoteh.hr\/wp-content\/uploads\/2019\/10\/photo-1500308806058-9eb40154a774.jpg","datePublished":"2019-01-22T11:04:38+00:00","dateModified":"2021-02-11T17:45:54+00:00","description":"Naslovnica: Ako primijetite bilo kakav problem sa ventilacijskim sustavom (miris, poja\u010dani zvuk, vibracije...) kontaktirajte nas.","breadcrumb":{"@id":"https:\/\/venergoteh.hr\/de\/#breadcrumb"},"inLanguage":"de","potentialAction":[{"@type":"ReadAction","target":["https:\/\/venergoteh.hr\/de\/"]}]},{"@type":"ImageObject","inLanguage":"de","@id":"https:\/\/venergoteh.hr\/de\/#primaryimage","url":"https:\/\/venergoteh.hr\/wp-content\/uploads\/2019\/10\/photo-1500308806058-9eb40154a774.jpg","contentUrl":"https:\/\/venergoteh.hr\/wp-content\/uploads\/2019\/10\/photo-1500308806058-9eb40154a774.jpg"},{"@type":"BreadcrumbList","@id":"https:\/\/venergoteh.hr\/de\/#breadcrumb","itemListElement":[{"@type":"ListItem","position":1,"name":"Po\u010detna stranica","item":"https:\/\/venergoteh.hr\/de\/"},{"@type":"ListItem","position":2,"name":"Naslovnica"}]},{"@type":"WebSite","@id":"https:\/\/venergoteh.hr\/de\/#website","url":"https:\/\/venergoteh.hr\/de\/","name":"Venergoteh.hr","description":"Ventilacija, klimatizacija i odvla\u017eivanje bazena","publisher":{"@id":"https:\/\/venergoteh.hr\/de\/#organization"},"potentialAction":[{"@type":"SearchAction","target":{"@type":"EntryPoint","urlTemplate":"https:\/\/venergoteh.hr\/de\/?s={search_term_string}"},"query-input":{"@type":"PropertyValueSpecification","valueRequired":true,"valueName":"search_term_string"}}],"inLanguage":"de"},{"@type":"Organization","@id":"https:\/\/venergoteh.hr\/de\/#organization","name":"Venergoteh d.o.o.","url":"https:\/\/venergoteh.hr\/de\/","logo":{"@type":"ImageObject","inLanguage":"de","@id":"https:\/\/venergoteh.hr\/de\/#\/schema\/logo\/image\/","url":"https:\/\/venergoteh.hr\/wp-content\/uploads\/2019\/10\/venergoteh-logo-web.png","contentUrl":"https:\/\/venergoteh.hr\/wp-content\/uploads\/2019\/10\/venergoteh-logo-web.png","width":4922,"height":901,"caption":"Venergoteh d.o.o."},"image":{"@id":"https:\/\/venergoteh.hr\/de\/#\/schema\/logo\/image\/"}}]}},"_links":{"self":[{"href":"https:\/\/venergoteh.hr\/de\/wp-json\/wp\/v2\/pages\/8","targetHints":{"allow":["GET"]}}],"collection":[{"href":"https:\/\/venergoteh.hr\/de\/wp-json\/wp\/v2\/pages"}],"about":[{"href":"https:\/\/venergoteh.hr\/de\/wp-json\/wp\/v2\/types\/page"}],"author":[{"embeddable":true,"href":"https:\/\/venergoteh.hr\/de\/wp-json\/wp\/v2\/users\/1"}],"replies":[{"embeddable":true,"href":"https:\/\/venergoteh.hr\/de\/wp-json\/wp\/v2\/comments?post=8"}],"version-history":[{"count":3,"href":"https:\/\/venergoteh.hr\/de\/wp-json\/wp\/v2\/pages\/8\/revisions"}],"predecessor-version":[{"id":162,"href":"https:\/\/venergoteh.hr\/de\/wp-json\/wp\/v2\/pages\/8\/revisions\/162"}],"wp:attachment":[{"href":"https:\/\/venergoteh.hr\/de\/wp-json\/wp\/v2\/media?parent=8"}],"curies":[{"name":"wp","href":"https:\/\/api.w.org\/{rel}","templated":true}]}}